{"id":4298,"date":"2021-07-27T09:35:00","date_gmt":"2021-07-27T09:35:00","guid":{"rendered":"https:\/\/director.band\/en\/?post_type=product&#038;p=4298"},"modified":"2021-07-27T09:38:19","modified_gmt":"2021-07-27T09:38:19","slug":"segito-kezek","status":"publish","type":"product","link":"https:\/\/director.band\/en\/product\/segito-kezek\/","title":{"rendered":"Seg\u00edt\u0151 kezek"},"content":{"rendered":"<h4><strong>Seg\u00edt\u0151 kezek<\/strong><\/h4>\n<p><strong>Sz\u00f6veg:<\/strong>\u00a0Attis<br \/>\n<strong>Zene:<\/strong>\u00a0Norbi, Attis<\/p>\n<h5><strong>Seg\u00edt\u0151 kezek 2021<\/strong><\/h5>\n<p><strong>\u00c9nek:\u00a0<\/strong>Borb\u00e9ly J\u00f3zsef<strong><br \/>\nGit\u00e1r:\u00a0<\/strong>Bog\u00e1r Kriszti\u00e1n<br \/>\n<strong>Basszusgit\u00e1r:<\/strong>\u00a0Tulok Zolt\u00e1n<strong><br \/>\nDob:\u00a0<\/strong>Nagy Attila<strong><br \/>\nBillenty\u0171s hangszerek:\u00a0<\/strong>Nagy Attila<\/p>\n<p><strong>Producer-hangm\u00e9rn\u00f6k:\u00a0<\/strong>Nagy Attila\u00a0<a href=\"https:\/\/tenxrecords.com\/\" target=\"_blank\" rel=\"noopener noreferrer\">TenXRecords<\/a><br \/>\n<strong>Mixing\/Mastering:<\/strong>\u00a0Nagy Attila\u00a0<a href=\"https:\/\/tenxrecords.com\/\" target=\"_blank\" rel=\"noopener noreferrer\">TenXRecords<\/a><br \/>\n<strong>Kiad\u00f3:<\/strong>\u00a0<a href=\"https:\/\/www.tenxrecords.com\/\" target=\"_blank\" rel=\"noopener noreferrer\">TenXRecords<\/a>\u00a0London<br \/>\n<strong>Jogkezel\u0151:<\/strong>\u00a0<a href=\"https:\/\/www.prsformusic.com\/\" target=\"_blank\" rel=\"noopener noreferrer\">PRS for Music<\/a>\u00a0London<br \/>\n<strong>Digit\u00e1lis terjeszt\u00e9s:<\/strong>\u00a0<a href=\"http:\/\/www.repostnetwork.com\/\">Repost Network, Inc.<\/a>\u00a0Los Angeles<\/p>\n<p><strong>Hangszerek, effektek \u00e9s szoftverek:<\/strong>\u00a0Rode Classic 2 mikrofon, Fender Telecaster git\u00e1r \u00e9s Amplitube 3,\u00a0 MLP Custom Jazz Bass basszusgit\u00e1r, iRig Keys I\/O controller keyboard,\u00a0 Apple Logic Pro X digital audio workstation (<em>DAW<\/em>), Serum synthesizer, Addictive Drums 2, Logic Pro X pluginek, Waves pluginek, iZotope pluginek, FabFilter pluginek, Valhalla pluginek.<\/p>\n<h5><strong>Dalsz\u00f6veg<\/strong><\/h5>\n<p>S\u00f6t\u00e9t az utca, tompulnak f\u00e9nyek.<br \/>\n\u00c9bred a reggel, egyed\u00fcl vagy \u00e9rzed.<br \/>\nF\u00e9lve indulsz el az \u00fatra,<br \/>\nMert nincs m\u00e9g ki a kezed fogja.<\/p>\n<p>Nem f\u00e9lsz elindulni \u00fajb\u00f3l,<br \/>\nB\u00e1tran l\u00e9psz az ismert \u00faton.<br \/>\nA f\u00e9lelem m\u00e1r nem a sz\u00edved rabja,<br \/>\nMert van m\u00e1r ki a kezed fogja.<\/p>\n<p>Refr\u00e9n:<br \/>\nElk\u00eds\u00e9rnek seg\u00edt\u0151 kezek,<br \/>\nTudod, hogy \u0151k seg\u00edtenek.<br \/>\nElk\u00eds\u00e9rnek utadon b\u00e1tor sz\u00edvek,<br \/>\n\u00c9leted \u00f3vj\u00e1k seg\u00edt\u0151 kezek.<\/p>\n<p>Nem f\u00e9lsz elindulni \u00fajb\u00f3l,<br \/>\nB\u00e1tran l\u00e9psz az ismert \u00faton.<br \/>\nA f\u00e9lelem m\u00e1r nem a sz\u00edved rabja,<br \/>\nMert van m\u00e1r ki a kezed fogja.<\/p>\n<p>Refr\u00e9n:<br \/>\nElk\u00eds\u00e9rnek seg\u00edt\u0151 kezek,<br \/>\nTudod, hogy \u0151k seg\u00edtenek.<br \/>\nElk\u00eds\u00e9rnek utadon b\u00e1tor sz\u00edvek,<br \/>\n\u00c9leted \u00f3vj\u00e1k seg\u00edt\u0151 kezek.<\/p>\n<p>Git\u00e1rsz\u00f3l\u00f3<\/p>\n<p>Refr\u00e9n:<br \/>\nElk\u00eds\u00e9rnek seg\u00edt\u0151 kezek,<br \/>\nTudod, hogy \u0151k seg\u00edtenek.<br \/>\nElk\u00eds\u00e9rnek utadon b\u00e1tor sz\u00edvek,<br \/>\n\u00c9leted vigy\u00e1zz\u00e1k seg\u00edt\u0151 kezek.<\/p>\n<p>Refr\u00e9n:<br \/>\nElk\u00eds\u00e9rnek seg\u00edt\u0151 kezek,<br \/>\nTudod, hogy \u0151k seg\u00edtenek.<br \/>\nElk\u00eds\u00e9rnek utadon b\u00e1tor sz\u00edvek,<br \/>\n\u00c9leted vigy\u00e1zz\u00e1k seg\u00edt\u0151 kezek.<\/p>\n","protected":false},"excerpt":{"rendered":"<p>Form\u00e1tum: WAV (RIFF WAVE)<br \/>\nBit m\u00e9lys\u00e9g: 24 Bit<br \/>\nMintav\u00e9teli r\u00e1ta: 44.1 kHZ<br \/>\nF\u00e1jlm\u00e9ret: 54.3 MB<br \/>\nId\u0151tartam: 3:25<\/p>\n","protected":false},"featured_media":4293,"comment_status":"open","ping_status":"closed","template":"","meta":[],"product_cat":[52],"product_tag":[],"_links":{"self":[{"href":"https:\/\/director.band\/en\/wp-json\/wp\/v2\/product\/4298"}],"collection":[{"href":"https:\/\/director.band\/en\/wp-json\/wp\/v2\/product"}],"about":[{"href":"https:\/\/director.band\/en\/wp-json\/wp\/v2\/types\/product"}],"replies":[{"embeddable":true,"href":"https:\/\/director.band\/en\/wp-json\/wp\/v2\/comments?post=4298"}],"wp:featuredmedia":[{"embeddable":true,"href":"https:\/\/director.band\/en\/wp-json\/wp\/v2\/media\/4293"}],"wp:attachment":[{"href":"https:\/\/director.band\/en\/wp-json\/wp\/v2\/media?parent=4298"}],"wp:term":[{"taxonomy":"product_cat","embeddable":true,"href":"https:\/\/director.band\/en\/wp-json\/wp\/v2\/product_cat?post=4298"},{"taxonomy":"product_tag","embeddable":true,"href":"https:\/\/director.band\/en\/wp-json\/wp\/v2\/product_tag?post=4298"}],"curies":[{"name":"wp","href":"https:\/\/api.w.org\/{rel}","templated":true}]}}