{"id":4288,"date":"2021-06-12T12:35:51","date_gmt":"2021-06-12T12:35:51","guid":{"rendered":"https:\/\/director.band\/en\/?post_type=product&#038;p=4288"},"modified":"2021-06-12T12:41:03","modified_gmt":"2021-06-12T12:41:03","slug":"tied-a-jovo","status":"publish","type":"product","link":"https:\/\/director.band\/en\/product\/tied-a-jovo\/","title":{"rendered":"Ti\u00e9d a j\u00f6v\u0151"},"content":{"rendered":"<h4><strong>Ti\u00e9d a j\u00f6v\u0151<\/strong><\/h4>\n<p><strong>Sz\u00f6veg:<\/strong> Attis<br \/>\n<strong>Zene:<\/strong> Norbi, Attis<\/p>\n<h5><strong>Ti\u00e9d a j\u00f6v\u0151 2021<\/strong><\/h5>\n<p><strong>\u00c9nek: <\/strong>Borb\u00e9ly J\u00f3zsef<strong><br \/>\nGit\u00e1r: <\/strong>Bog\u00e1r Kriszti\u00e1n<br \/>\n<strong>Basszusgit\u00e1r:<\/strong> Tulok Zolt\u00e1n<strong><br \/>\nDob: <\/strong>Nagy Attila<strong><br \/>\nBillenty\u0171s hangszerek: <\/strong>Nagy Attila<\/p>\n<p><strong>Producer-hangm\u00e9rn\u00f6k: <\/strong>Nagy Attila\u00a0<a href=\"https:\/\/tenxrecords.com\" target=\"_blank\" rel=\"noopener noreferrer\">TenXRecords<\/a><br \/>\n<strong>Mixing\/Mastering:<\/strong> Nagy Attila <a href=\"https:\/\/tenxrecords.com\" target=\"_blank\" rel=\"noopener noreferrer\">TenXRecords<\/a><br \/>\n<strong>Kiad\u00f3:<\/strong> <a href=\"https:\/\/www.tenxrecords.com\" target=\"_blank\" rel=\"noopener noreferrer\">TenXRecords<\/a> London<br \/>\n<strong>Jogkezel\u0151:<\/strong> <a href=\"https:\/\/www.prsformusic.com\/\" target=\"_blank\" rel=\"noopener noreferrer\">PRS for Music<\/a> London<br \/>\n<strong>Digit\u00e1lis terjeszt\u00e9s:<\/strong> <a href=\"http:\/\/www.repostnetwork.com\/\">Repost Network, Inc.<\/a>\u00a0Los Angeles<\/p>\n<p><strong>Hangszerek, effektek \u00e9s szoftverek:<\/strong> Rode Classic 2 mikrofon, Fender Telecaster git\u00e1r \u00e9s Amplitube 3,\u00a0 MLP Custom Jazz Bass basszusgit\u00e1r, iRig Keys I\/O controller keyboard,\u00a0 Apple Logic Pro X digital audio workstation (<em>DAW<\/em>), Serum synthesizer, Addictive Drums 2, Logic Pro X pluginek, Waves pluginek, iZotope pluginek, FabFilter pluginek, Valhalla pluginek.<\/p>\n<h5><strong>Dalsz\u00f6veg<\/strong><\/h5>\n<p>S\u0171r\u0171 az es\u0151, \u00f6mlik feket\u00e9n,<br \/>\nCsak veri arcodat, \u00e9s el nem \u00e1ll.<br \/>\nF\u00e1z\u00f3s az \u00e9j, elt\u0171nt a rem\u00e9ny,<br \/>\nDe holnap ism\u00e9t r\u00e1d tal\u00e1l.<\/p>\n<p>S\u00fct a nap ism\u00e9t, az \u00e9let \u00fajra h\u00edv,<br \/>\nA t\u00e1j n\u00e9ma csend, elt\u0171nt a gy\u00e1sz.<br \/>\nS ha megcsal a v\u00e1gy, ha f\u00e1j a sz\u00edv,<br \/>\nDe holnap ism\u00e9t r\u00e1tal\u00e1lsz.<\/p>\n<p><em>Refr\u00e9n:<\/em><br \/>\nTeh\u00e1t szomor\u00fa ne l\u00e9gy, hisz m\u00e9g van r\u00e1 es\u00e9ly.<br \/>\nTi\u00e9d a j\u00f6v\u0151, b\u00edzz\u00e1l ez a f\u0151.<\/p>\n<p>S\u0171r\u0171 az es\u0151, egyed\u00fcl maradt\u00e1l,<br \/>\nNe v\u00e1rj senkire, csak menj az \u00faton tov\u00e1bb.<br \/>\nL\u00e1tod, hogy elhagy minden j\u00f3 bar\u00e1t.<br \/>\nDe holnap ism\u00e9t r\u00e1d tal\u00e1l.<\/p>\n<p><em>Refr\u00e9n:<\/em><br \/>\nTeh\u00e1t szomor\u00fa ne l\u00e9gy, hisz m\u00e9g van r\u00e1 es\u00e9ly.<br \/>\nTi\u00e9d a j\u00f6v\u0151, b\u00edzz\u00e1l ez a f\u0151.<\/p>\n<p>Teh\u00e1t szomor\u00fa ne l\u00e9gy, hisz m\u00e9g van r\u00e1 es\u00e9ly.<br \/>\nTi\u00e9d a j\u00f6v\u0151, b\u00edzz\u00e1l ez a f\u0151.<\/p>\n","protected":false},"excerpt":{"rendered":"<p>Form\u00e1tum: WAV (RIFF WAVE)<br \/>\nBit m\u00e9lys\u00e9g: 24 Bit<br \/>\nMintav\u00e9teli r\u00e1ta: 44.1 kHZ<br \/>\nF\u00e1jlm\u00e9ret: 54.3 MB<br \/>\nId\u0151tartam: 3:25<\/p>\n","protected":false},"featured_media":4286,"comment_status":"open","ping_status":"closed","template":"","meta":[],"product_cat":[52],"product_tag":[],"_links":{"self":[{"href":"https:\/\/director.band\/en\/wp-json\/wp\/v2\/product\/4288"}],"collection":[{"href":"https:\/\/director.band\/en\/wp-json\/wp\/v2\/product"}],"about":[{"href":"https:\/\/director.band\/en\/wp-json\/wp\/v2\/types\/product"}],"replies":[{"embeddable":true,"href":"https:\/\/director.band\/en\/wp-json\/wp\/v2\/comments?post=4288"}],"wp:featuredmedia":[{"embeddable":true,"href":"https:\/\/director.band\/en\/wp-json\/wp\/v2\/media\/4286"}],"wp:attachment":[{"href":"https:\/\/director.band\/en\/wp-json\/wp\/v2\/media?parent=4288"}],"wp:term":[{"taxonomy":"product_cat","embeddable":true,"href":"https:\/\/director.band\/en\/wp-json\/wp\/v2\/product_cat?post=4288"},{"taxonomy":"product_tag","embeddable":true,"href":"https:\/\/director.band\/en\/wp-json\/wp\/v2\/product_tag?post=4288"}],"curies":[{"name":"wp","href":"https:\/\/api.w.org\/{rel}","templated":true}]}}