{"id":4011,"date":"2021-03-11T15:57:22","date_gmt":"2021-03-11T15:57:22","guid":{"rendered":"https:\/\/director.band\/en\/?post_type=product&#038;p=4011"},"modified":"2021-05-14T19:42:20","modified_gmt":"2021-05-14T19:42:20","slug":"eltunt-a-feny","status":"publish","type":"product","link":"https:\/\/director.band\/en\/product\/eltunt-a-feny\/","title":{"rendered":"Elt\u0171nt a f\u00e9ny"},"content":{"rendered":"<h4><strong>Elt\u0171nt a f\u00e9ny<\/strong><\/h4>\n<p><strong>Sz\u00f6veg:<\/strong>\u00a0Zsolti<br \/>\n<strong>Zene:<\/strong> Zsolti, Norbi, Attis<\/p>\n<h5><strong>Elt\u0171nt a f\u00e9ny 2021<\/strong><\/h5>\n<p><strong>\u00c9nek:\u00a0<\/strong>Balogh D\u00e1vid<strong><br \/>\nGit\u00e1r:\u00a0<\/strong>Bog\u00e1r Kriszti\u00e1n<br \/>\n<strong>Basszusgit\u00e1r:<\/strong>\u00a0Tulok Zolt\u00e1n<strong><br \/>\nDob:\u00a0<\/strong>Nagy Attila<strong><br \/>\nBillenty\u0171s hangszerek:\u00a0<\/strong>Nagy Attila<\/p>\n<p><strong>Producer-hangm\u00e9rn\u00f6k:\u00a0<\/strong>Nagy Attila\u00a0<a href=\"https:\/\/tenxrecords.com\/\" target=\"_blank\" rel=\"noopener noreferrer\">TenXRecords<\/a><br \/>\n<strong>Mixing\/Mastering:<\/strong>\u00a0Nagy Attila\u00a0<a href=\"https:\/\/tenxrecords.com\/\" target=\"_blank\" rel=\"noopener noreferrer\">TenXRecords<\/a><br \/>\n<strong>Kiad\u00f3:<\/strong>\u00a0<a href=\"https:\/\/www.tenxrecords.com\/\" target=\"_blank\" rel=\"noopener noreferrer\">TenXRecords<\/a>\u00a0London<br \/>\n<strong>Jogkezel\u0151:<\/strong>\u00a0<a href=\"https:\/\/www.prsformusic.com\/\" target=\"_blank\" rel=\"noopener noreferrer\">PRS for Music<\/a>\u00a0London<br \/>\n<strong>Digit\u00e1lis terjeszt\u00e9s:<\/strong>\u00a0<a href=\"http:\/\/www.tunecore.com\/\" target=\"_blank\" rel=\"noopener noreferrer\">TuneCore<\/a>\u00a0New York<\/p>\n<p><strong>Hangszerek, effektek \u00e9s szoftverek:<\/strong>\u00a0AKG D5 mikrofon, Fender Telecaster git\u00e1r \u00e9s Amplitube 3,\u00a0 MLP Custom Jazz Bass basszusgit\u00e1r, iRig Keys I\/O controller keyboard,\u00a0 Apple Logic Pro X digital audio workstation (<em>DAW<\/em>), Serum synthesizer, Addictive Drums 2, Logic Pro X pluginek, Waves pluginek, iZotope pluginek, FabFilter pluginek, Valhalla pluginek.<\/p>\n<h5><strong>Dalsz\u00f6veg<\/strong><\/h5>\n<p>S\u00f6t\u00e9ts\u00e9gben rem\u00e9nykedsz \u00e9s \u00e9lsz,<br \/>\nAmit tenn\u00e9l a semmibe elv\u00e9sz.<br \/>\nA v\u00e1rosban j\u00e1rk\u00e1lva mit l\u00e1tsz,<br \/>\n\u00c1rnyak rohannak az utc\u00e1n \u00e1t.<\/p>\n<p>Refr\u00e9n 1:<br \/>\nF\u00e9ny n\u00e9lk\u00fcl nem \u00e9r az \u00e9let semmit.<br \/>\nF\u00e9ny n\u00e9lk\u00fcl nem \u00e9r az \u00e9let semmit.<\/p>\n<p>Meg\u00e1llt a f\u00f6ld nem forog tov\u00e1bb,<br \/>\nKih\u00fclt a nap, nincs vil\u00e1goss\u00e1g.<br \/>\nNem tudod hol van az otthonod,<br \/>\nValahogyan haza k\u00e9ne jutnod.<\/p>\n<p>Refr\u00e9n 2:<br \/>\nElt\u0171nt a f\u00e9ny, elt\u0171nt \u00f6r\u00f6kre.<br \/>\nElt\u0171nt a f\u00e9ny, elt\u0171nt \u00f6r\u00f6kre.<\/p>\n<p>Eml\u00e9kszel m\u00e9g mikor vil\u00e1goss\u00e1g volt,<br \/>\nBoldogok voltak a n\u00e9pek.<br \/>\nDe kirobbant a v\u00e9res h\u00e1bor\u00fa,<br \/>\nAz\u00f3ta \u00e9l\u00fcnk s\u00f6t\u00e9ts\u00e9gben.<\/p>\n","protected":false},"excerpt":{"rendered":"<p>Form\u00e1tum: WAV (RIFF WAVE)<br \/>\nBit m\u00e9lys\u00e9g: 24 Bit<br \/>\nMintav\u00e9teli r\u00e1ta: 44.1 kHZ<br \/>\nF\u00e1jlm\u00e9ret: 54.7 MB<br \/>\nId\u0151tartam: 3:27<\/p>\n","protected":false},"featured_media":4010,"comment_status":"open","ping_status":"closed","template":"","meta":[],"product_cat":[52],"product_tag":[],"_links":{"self":[{"href":"https:\/\/director.band\/en\/wp-json\/wp\/v2\/product\/4011"}],"collection":[{"href":"https:\/\/director.band\/en\/wp-json\/wp\/v2\/product"}],"about":[{"href":"https:\/\/director.band\/en\/wp-json\/wp\/v2\/types\/product"}],"replies":[{"embeddable":true,"href":"https:\/\/director.band\/en\/wp-json\/wp\/v2\/comments?post=4011"}],"wp:featuredmedia":[{"embeddable":true,"href":"https:\/\/director.band\/en\/wp-json\/wp\/v2\/media\/4010"}],"wp:attachment":[{"href":"https:\/\/director.band\/en\/wp-json\/wp\/v2\/media?parent=4011"}],"wp:term":[{"taxonomy":"product_cat","embeddable":true,"href":"https:\/\/director.band\/en\/wp-json\/wp\/v2\/product_cat?post=4011"},{"taxonomy":"product_tag","embeddable":true,"href":"https:\/\/director.band\/en\/wp-json\/wp\/v2\/product_tag?post=4011"}],"curies":[{"name":"wp","href":"https:\/\/api.w.org\/{rel}","templated":true}]}}