{"id":3990,"date":"2021-02-06T19:35:05","date_gmt":"2021-02-06T19:35:05","guid":{"rendered":"https:\/\/director.band\/en\/?post_type=product&#038;p=3990"},"modified":"2021-05-14T19:42:32","modified_gmt":"2021-05-14T19:42:32","slug":"tornaszlany","status":"publish","type":"product","link":"https:\/\/director.band\/en\/product\/tornaszlany\/","title":{"rendered":"Torn\u00e1szl\u00e1ny"},"content":{"rendered":"<h4><strong>Torn\u00e1szl\u00e1ny<\/strong><\/h4>\n<p><strong>Sz\u00f6veg:<\/strong>\u00a0Attis<br \/>\n<strong>Zene:<\/strong>\u00a0Norbi, Attis<\/p>\n<h5><strong>Torn\u00e1szl\u00e1ny 2021<\/strong><\/h5>\n<p><strong>\u00c9nek:\u00a0<\/strong>Balogh D\u00e1vid<strong><br \/>\nGit\u00e1r:\u00a0<\/strong>Bog\u00e1r Kriszti\u00e1n<br \/>\n<strong>Basszusgit\u00e1r:<\/strong> Tulok Zolt\u00e1n<strong><br \/>\nDob: <\/strong>Nagy Attila<strong><br \/>\nBillenty\u0171s hangszerek: <\/strong>Nagy Attila<\/p>\n<p><strong>Producer-hangm\u00e9rn\u00f6k: <\/strong>Nagy Attila\u00a0<a href=\"https:\/\/tenxrecords.com\" target=\"_blank\" rel=\"noopener noreferrer\">TenXRecords<\/a><br \/>\n<strong>Mixing\/Mastering:<\/strong> Nagy Attila <a href=\"https:\/\/tenxrecords.com\" target=\"_blank\" rel=\"noopener noreferrer\">TenXRecords<\/a><\/p>\n<p><strong>Kiad\u00f3:<\/strong>\u00a0<a href=\"https:\/\/www.tenxrecords.com\/\" target=\"_blank\" rel=\"noopener noreferrer\">TenXRecords<\/a>\u00a0London<br \/>\n<strong>Jogkezel\u0151:<\/strong>\u00a0<a href=\"https:\/\/www.prsformusic.com\/\" target=\"_blank\" rel=\"noopener noreferrer\">PRS for Music<\/a>\u00a0London<br \/>\n<strong>Digit\u00e1lis terjeszt\u00e9s:<\/strong>\u00a0<a href=\"http:\/\/www.tunecore.com\/\" target=\"_blank\" rel=\"noopener noreferrer\">TuneCore<\/a>\u00a0New York<\/p>\n<p><strong>Hangszerek, effektek \u00e9s szoftverek:<\/strong> AKG D5 mikrofon, Fender Telecaster git\u00e1r \u00e9s Amplitube 3, MLP Custom Jazz Bass basszusgit\u00e1r, iRig Keys I\/O controller keyboard,\u00a0 Apple Logic Pro X digital audio workstation (<em>DAW<\/em>), Serum synthesizer, Addictive Drums 2, Logic Pro X pluginek, Waves pluginek, iZotope pluginek, FabFilter pluginek, Valhalla pluginek.<\/p>\n<h5><strong>Dalsz\u00f6veg<\/strong><\/h5>\n<p>Egy verseny az \u00e9let,<br \/>\nMelyet a gy\u0151zelem \u00e9ltet.<br \/>\nEgy \u00e1lom az \u00e9let,<br \/>\nTe vagy az \u00e9let nekem.<\/p>\n<p>Mert szeretet, b\u00e1tors\u00e1g a sz\u00edved,<br \/>\nM\u00edg \u00e9lek \u00e9n megb\u00edzom benned.<br \/>\nMost Te vagy fenn a korl\u00e1ton,<br \/>\nF\u00e9lek, hogy ez csak \u00e1lom.<\/p>\n<p>N\u00e9zem tested alakj\u00e1t,<br \/>\nCsillog\u00f3 szemed, piros orc\u00e1d.<br \/>\nA gerend\u00e1n biztosan \u00e1llsz,<br \/>\nBajnok legy\u00e9l csak erre v\u00e1rsz.<\/p>\n<p>Pr\u00f3za:<br \/>\nIgen, bajnok legy\u00e9l, csak erre v\u00e1rsz,<br \/>\nDe tanuld meg \u00e9leted nem j\u00e1t\u00e9k, b\u00e1rmerre j\u00e1rsz.<\/p>\n<p>Refr\u00e9n:<br \/>\nHa \u00edgy k\u00edv\u00e1nja h\u00e1t add meg neki Istenem,<br \/>\nLegyen sz\u00edv\u00e9ben boldog gy\u0151zelem.<br \/>\nAdd meg neki, engedd, hogy \u00edgy legyen,<br \/>\nHisz az \u0150 sz\u00edv\u00e9ben sz\u00e9p a gy\u0151zelem.<\/p>\n<p>Git\u00e1rsz\u00f3l\u00f3<\/p>\n<p>N\u00e9zem tested alakj\u00e1t,<br \/>\nCsillog\u00f3 szemed, piros orc\u00e1d.<br \/>\nA gerend\u00e1n biztosan \u00e1llsz,<br \/>\nBajnok legy\u00e9l csak erre v\u00e1rsz.<\/p>\n<p>Pr\u00f3za:<br \/>\nIgen, bajnok legy\u00e9l, csak erre v\u00e1rsz,<br \/>\nDe tanuld meg \u00e9leted nem j\u00e1t\u00e9k b\u00e1rmerre j\u00e1rsz.<\/p>\n<p>Refr\u00e9n:<br \/>\nHa \u00edgy k\u00edv\u00e1nja h\u00e1t add meg neki Istenem,<br \/>\nLegyen sz\u00edv\u00e9ben boldog gy\u0151zelem.<br \/>\nAdd meg neki, engedd, hogy \u00edgy legyen,<br \/>\nHisz az \u0150 sz\u00edv\u00e9ben sz\u00e9p a gy\u0151zelem.<\/p>\n<p>Add meg neki, engedd, hogy \u00edgy legyen,<br \/>\nHisz az \u0150 sz\u00edv\u00e9ben sz\u00e9p a gy\u0151zelem.<\/p>\n<p>Add meg neki, engedd, hogy \u00edgy legyen,<br \/>\nHisz az \u0150 sz\u00edv\u00e9ben sz\u00e9p a gy\u0151zelem.<\/p>\n","protected":false},"excerpt":{"rendered":"<p>Form\u00e1tum: WAV (RIFF WAVE)<br \/>\nBit m\u00e9lys\u00e9g: 24 Bit<br \/>\nMintav\u00e9teli r\u00e1ta: 44.1 kHZ<br \/>\nF\u00e1jlm\u00e9ret: 58 MB<br \/>\nId\u0151tartam: 3:50<\/p>\n","protected":false},"featured_media":3988,"comment_status":"open","ping_status":"closed","template":"","meta":[],"product_cat":[52],"product_tag":[],"_links":{"self":[{"href":"https:\/\/director.band\/en\/wp-json\/wp\/v2\/product\/3990"}],"collection":[{"href":"https:\/\/director.band\/en\/wp-json\/wp\/v2\/product"}],"about":[{"href":"https:\/\/director.band\/en\/wp-json\/wp\/v2\/types\/product"}],"replies":[{"embeddable":true,"href":"https:\/\/director.band\/en\/wp-json\/wp\/v2\/comments?post=3990"}],"wp:featuredmedia":[{"embeddable":true,"href":"https:\/\/director.band\/en\/wp-json\/wp\/v2\/media\/3988"}],"wp:attachment":[{"href":"https:\/\/director.band\/en\/wp-json\/wp\/v2\/media?parent=3990"}],"wp:term":[{"taxonomy":"product_cat","embeddable":true,"href":"https:\/\/director.band\/en\/wp-json\/wp\/v2\/product_cat?post=3990"},{"taxonomy":"product_tag","embeddable":true,"href":"https:\/\/director.band\/en\/wp-json\/wp\/v2\/product_tag?post=3990"}],"curies":[{"name":"wp","href":"https:\/\/api.w.org\/{rel}","templated":true}]}}