{"id":3884,"date":"2020-12-18T13:51:33","date_gmt":"2020-12-18T13:51:33","guid":{"rendered":"https:\/\/director.band\/en\/?post_type=product&#038;p=3884"},"modified":"2021-05-14T19:43:04","modified_gmt":"2021-05-14T19:43:04","slug":"almaid","status":"publish","type":"product","link":"https:\/\/director.band\/en\/product\/almaid\/","title":{"rendered":"\u00c1lmaid"},"content":{"rendered":"<h4><strong>\u00c1lmaid<\/strong><\/h4>\n<p><strong>Sz\u00f6veg:<\/strong>\u00a0Attis<br \/>\n<strong>Zene:<\/strong>\u00a0Norbi, Attis<\/p>\n<h5><strong>\u00c1lmaid 2020<\/strong><\/h5>\n<p><strong>\u00c9nek:\u00a0<\/strong>Balogh D\u00e1vid<strong><br \/>\nGit\u00e1r:\u00a0<\/strong>Bog\u00e1r Kriszti\u00e1n<br \/>\n<strong>Basszus:\u00a0<\/strong>Attis<strong><br \/>\nDob:\u00a0<\/strong>Attis<strong><br \/>\nBillenty\u0171s hangszerek:\u00a0<\/strong>Attis<\/p>\n<p><strong>Producer-hangm\u00e9rn\u00f6k:\u00a0<\/strong>Attis\u00a0<a href=\"https:\/\/tenxrecords.com\/\" target=\"_blank\" rel=\"noopener noreferrer\">TenXRecords<\/a><br \/>\n<strong>Mixing\/Mastering:<\/strong>\u00a0Attis\u00a0<a href=\"https:\/\/tenxrecords.com\/\" target=\"_blank\" rel=\"noopener noreferrer\">TenXRecords<\/a><br \/>\n<strong>Kiad\u00f3:<\/strong>\u00a0<a href=\"https:\/\/www.tenxrecords.com\/\" target=\"_blank\" rel=\"noopener noreferrer\">TenXRecords<\/a>\u00a0London<br \/>\n<strong>Jogkezel\u0151:<\/strong>\u00a0<a href=\"https:\/\/www.prsformusic.com\/\" target=\"_blank\" rel=\"noopener noreferrer\">PRS for Music<\/a>\u00a0London<br \/>\n<strong>Digit\u00e1lis terjeszt\u00e9s:<\/strong>\u00a0<a href=\"http:\/\/www.tunecore.com\/\" target=\"_blank\" rel=\"noopener noreferrer\">TuneCore<\/a>\u00a0New York<\/p>\n<p><strong>Hangszerek, effektek \u00e9s szoftverek:<\/strong>\u00a0AKG D5 mikrofon, Fender Telecaster git\u00e1r \u00e9s Amplitube 3 , iRig Keys I\/O controller keyboard,\u00a0 Apple Logic Pro X digital audio workstation (<em>DAW<\/em>) , Serum synthesizer, Waves Bass Fingers, Addictive Drums 2, Logic Pro X pluginek, Waves pluginek, iZotope pluginek, FabFilter pluginek, Valhalla pluginek.<\/p>\n<h5><strong>Dalsz\u00f6veg<\/strong><\/h5>\n<p>Nem kellenek az \u00faj \u00e1lmok,<br \/>\nNem kell az \u00faj vil\u00e1g.<br \/>\nEl kellene menni,<br \/>\nEz a v\u00e9gs\u0151 megold\u00e1s.<\/p>\n<p>B\u00edzni kell \u00e1lmaimban,<br \/>\nHinni, hogy hoz csod\u00e1t.<br \/>\nNem kell m\u00e1r nekem semmi m\u00e1s.<\/p>\n<p>V\u00e9gtelen \u00fat por\u00e1t j\u00e1rom,<br \/>\nEl\u0151ttem a nagy vil\u00e1g.<br \/>\nMerre k\u00e9ne menni,<br \/>\nOly neh\u00e9z a v\u00e1laszt\u00e1s.<br \/>\nHiszek meg \u00e1lmaimban,<br \/>\nHiszem, hogy hoz csod\u00e1t.<\/p>\n<p><em>Refr\u00e9n 1.<\/em><br \/>\n\u00c9n mindig f\u00e9ltem a rosszt\u00f3l,<br \/>\nCsak \u00e1lmomban l\u00e1ttam a j\u00f3t.<br \/>\nNeked is el\u00e9g volt m\u00e1r a rosszb\u00f3l.<\/p>\n<p>\u00c9n mindig f\u00e9ltem a rosszt\u00f3l,<br \/>\nCsak \u00e1lmomban l\u00e1ttam a j\u00f3t.<br \/>\nNeked is el\u00e9g volt m\u00e1r a rosszb\u00f3l.<\/p>\n<p><em>Szinti sz\u00f3l\u00f3\u2026<\/em><\/p>\n<p><em>Refr\u00e9n 2.<\/em><\/p>\n<p>Hitt\u00e9l a szavakban,<br \/>\nElfogadtad, ami vagy.<br \/>\n\u00c1lmaidat megtagadtad,<br \/>\nA rem\u00e9nyt fel ne add.<\/p>\n<p>Nem kellenek az \u00faj \u00e1lmok,<br \/>\nNem kell az \u00faj vil\u00e1g.<br \/>\nEl kellene menni,<br \/>\nEz a v\u00e9gs\u0151 megold\u00e1s.<\/p>\n<p>B\u00edzni kell \u00e1lmainkban,<br \/>\nHinni, hogy hoz csod\u00e1t.<br \/>\nNem kell m\u00e1r nek\u00fcnk semmi m\u00e1s.<\/p>\n<p><em>Git\u00e1r sz\u00f3l\u00f3\u2026<\/em><\/p>\n<p><em>Pr\u00f3za:<\/em><br \/>\nHa \u00e1lmaid egyszer majd val\u00f3ra v\u00e1lnak,<br \/>\n\u00c9s \u00fagy \u00e9rzed nem kell m\u00e1r semmi \u00faj.<br \/>\nDe arra mindig t\u00f6rekedj, hogy megjavulj.<\/p>\n<p><em>Refr\u00e9n 1.<\/em><br \/>\n\u00c9n mindig f\u00e9ltem a rosszt\u00f3l,<br \/>\nCsak \u00e1lmomban l\u00e1ttam a j\u00f3t.<br \/>\nNeked is el\u00e9g volt m\u00e1r a rosszb\u00f3l.<\/p>\n<p>\u00c9n mindig f\u00e9ltem a rosszt\u00f3l,<br \/>\nCsak \u00e1lmomban l\u00e1ttam a j\u00f3t.<br \/>\nNeked is el\u00e9g volt m\u00e1r a rosszb\u00f3l.<\/p>\n","protected":false},"excerpt":{"rendered":"<p class=\"p1\"><span class=\"s1\">Form\u00e1tum: WAV (RIFF WAVE)<br \/>\n<\/span><span class=\"s1\">Bit m\u00e9lys\u00e9g: 24 Bit<br \/>\n<\/span><span class=\"s1\">Mintav\u00e9teli r\u00e1ta: 44.1 kHZ<br \/>\n<\/span><span class=\"s1\">F\u00e1jlm\u00e9ret: 91 MB<br \/>\n<\/span><span class=\"s1\">Id\u0151tartam: 5:44<\/span><\/p>\n","protected":false},"featured_media":3875,"comment_status":"open","ping_status":"closed","template":"","meta":[],"product_cat":[52],"product_tag":[],"_links":{"self":[{"href":"https:\/\/director.band\/en\/wp-json\/wp\/v2\/product\/3884"}],"collection":[{"href":"https:\/\/director.band\/en\/wp-json\/wp\/v2\/product"}],"about":[{"href":"https:\/\/director.band\/en\/wp-json\/wp\/v2\/types\/product"}],"replies":[{"embeddable":true,"href":"https:\/\/director.band\/en\/wp-json\/wp\/v2\/comments?post=3884"}],"wp:featuredmedia":[{"embeddable":true,"href":"https:\/\/director.band\/en\/wp-json\/wp\/v2\/media\/3875"}],"wp:attachment":[{"href":"https:\/\/director.band\/en\/wp-json\/wp\/v2\/media?parent=3884"}],"wp:term":[{"taxonomy":"product_cat","embeddable":true,"href":"https:\/\/director.band\/en\/wp-json\/wp\/v2\/product_cat?post=3884"},{"taxonomy":"product_tag","embeddable":true,"href":"https:\/\/director.band\/en\/wp-json\/wp\/v2\/product_tag?post=3884"}],"curies":[{"name":"wp","href":"https:\/\/api.w.org\/{rel}","templated":true}]}}