{"id":3883,"date":"2020-12-18T13:48:29","date_gmt":"2020-12-18T13:48:29","guid":{"rendered":"https:\/\/director.band\/en\/?post_type=product&#038;p=3883"},"modified":"2021-05-14T19:43:16","modified_gmt":"2021-05-14T19:43:16","slug":"furcsa-vilag","status":"publish","type":"product","link":"https:\/\/director.band\/en\/product\/furcsa-vilag\/","title":{"rendered":"Furcsa vil\u00e1g"},"content":{"rendered":"<h4><strong>Furcsa vil\u00e1g<\/strong><\/h4>\n<p><strong>Sz\u00f6veg:<\/strong>\u00a0Attis<br \/>\n<strong>Zene:<\/strong>\u00a0Norbi, Attis<\/p>\n<h5><strong>Furcsa vil\u00e1g 2020<\/strong><\/h5>\n<p><strong>\u00c9nek:\u00a0<\/strong>Balogh D\u00e1vid<strong><br \/>\nGit\u00e1r:\u00a0<\/strong>Bog\u00e1r Kriszti\u00e1n<br \/>\n<strong>Basszus:\u00a0<\/strong>Attis<strong><br \/>\nDob:\u00a0<\/strong>Attis<strong><br \/>\nBillenty\u0171s hangszerek:\u00a0<\/strong>Attis<\/p>\n<p><strong>Producer-hangm\u00e9rn\u00f6k:\u00a0<\/strong>Attis\u00a0<a href=\"https:\/\/tenxrecords.com\/\" target=\"_blank\" rel=\"noopener noreferrer\">TenXRecords<\/a><br \/>\n<strong>Mixing\/Mastering:<\/strong>\u00a0Attis\u00a0<a href=\"https:\/\/tenxrecords.com\/\" target=\"_blank\" rel=\"noopener noreferrer\">TenXRecords<\/a><br \/>\n<strong>Kiad\u00f3:<\/strong>\u00a0<a href=\"https:\/\/www.tenxrecords.com\/\" target=\"_blank\" rel=\"noopener noreferrer\">TenXRecords<\/a>\u00a0London<br \/>\n<strong>Jogkezel\u0151:<\/strong>\u00a0<a href=\"https:\/\/www.prsformusic.com\/\" target=\"_blank\" rel=\"noopener noreferrer\">PRS for Music<\/a>\u00a0London<br \/>\n<strong>Digit\u00e1lis terjeszt\u00e9s:<\/strong>\u00a0<a href=\"http:\/\/www.tunecore.com\/\" target=\"_blank\" rel=\"noopener noreferrer\">TuneCore<\/a>\u00a0New York<\/p>\n<p><strong>Hangszerek, effektek \u00e9s szoftverek:<\/strong>\u00a0AKG D5 mikrofon, Fender Telecaster git\u00e1r \u00e9s Amplitube 3, iRig Keys I\/O controller keyboard,\u00a0 Apple Logic Pro X digital audio workstation (<em>DAW<\/em>) , Serum synthesizer, Addictive Drums 2, Logic Pro X pluginek, Waves pluginek, iZotope pluginek, FabFilter pluginek, Valhalla pluginek.<\/p>\n<h5><strong>Dalsz\u00f6veg<\/strong><\/h5>\n<p>Hangok n\u00e9lk\u00fcl besz\u00e9lni,<br \/>\nRabs\u00e1gban szabadon \u00e9lni.<br \/>\nS\u00edrva is csak nevetni,<br \/>\nM\u00e1sban hib\u00e1t keresni.<\/p>\n<p>S\u00f6r helyett vizet inni,<br \/>\nRossz \u00e1lmokban vadul hinni.<br \/>\nBar\u00e1tot messze elker\u00fclni,<br \/>\nEllens\u00e9gnek seg\u00edteni.<\/p>\n<p><em>Szinti sz\u00f3l\u00f3\u2026<\/em><\/p>\n<p><em>\u00a0<\/em><em>Refr\u00e9n:<br \/>\n<\/em>Furcsa ez a vil\u00e1g,<br \/>\nOly furcsa nekem m\u00e1r.<br \/>\nKem\u00e9ny ez a vil\u00e1g,<br \/>\nOly kem\u00e9ny nekem m\u00e1r.<\/p>\n<p>Furcsa ez a vil\u00e1g,<br \/>\nOly furcsa nekem m\u00e1r.<br \/>\nKem\u00e9ny ez a vil\u00e1g,<br \/>\nDe a rem\u00e9ny visz tov\u00e1bb.<\/p>\n<p>\u00c9jszaka napf\u00e9nyre v\u00e1rni,<br \/>\n\u00dattalan utakon j\u00e1rni.<br \/>\nAz id\u0151vel versenyezni,<br \/>\nDiszk\u00f3 zen\u00e9t elviselni.<\/p>\n<p>K\u00ednodban cigit sz\u00edvni,<br \/>\n\u00d6nmagaddal harcot v\u00edvni.<br \/>\nBar\u00e1tn\u0151det nem szeretni,<br \/>\nM\u00e1s l\u00e1nyokkal j\u00f3ban lenni.<\/p>\n<p><em>Git\u00e1r sz\u00f3l\u00f3<\/em><\/p>\n<p><em>\u00a0<\/em><em>Refr\u00e9n:<br \/>\n<\/em>Furcsa ez a vil\u00e1g,<br \/>\nOly furcsa nekem m\u00e1r.<br \/>\nKem\u00e9ny ez a vil\u00e1g,<br \/>\nOly kem\u00e9ny nekem m\u00e1r.<\/p>\n<p>Furcsa ez a vil\u00e1g,<br \/>\nOly furcsa nekem m\u00e1r.<br \/>\nKem\u00e9ny ez a vil\u00e1g,<br \/>\nDe a rem\u00e9ny visz tov\u00e1bb.<\/p>\n","protected":false},"excerpt":{"rendered":"<p class=\"p1\"><span class=\"s1\">Form\u00e1tum: WAV (RIFF WAVE)<br \/>\n<\/span>Bit m\u00e9lys\u00e9g: 24 Bit<br \/>\n<span class=\"s1\">Mintav\u00e9teli r\u00e1ta: 44.1 kHZ<br \/>\n<\/span><span class=\"s1\">F\u00e1jlm\u00e9ret: 53.3 MB<br \/>\n<\/span><span class=\"s1\">Id\u0151tartam: 3:21<\/span><\/p>\n","protected":false},"featured_media":3872,"comment_status":"open","ping_status":"closed","template":"","meta":[],"product_cat":[52],"product_tag":[],"_links":{"self":[{"href":"https:\/\/director.band\/en\/wp-json\/wp\/v2\/product\/3883"}],"collection":[{"href":"https:\/\/director.band\/en\/wp-json\/wp\/v2\/product"}],"about":[{"href":"https:\/\/director.band\/en\/wp-json\/wp\/v2\/types\/product"}],"replies":[{"embeddable":true,"href":"https:\/\/director.band\/en\/wp-json\/wp\/v2\/comments?post=3883"}],"wp:featuredmedia":[{"embeddable":true,"href":"https:\/\/director.band\/en\/wp-json\/wp\/v2\/media\/3872"}],"wp:attachment":[{"href":"https:\/\/director.band\/en\/wp-json\/wp\/v2\/media?parent=3883"}],"wp:term":[{"taxonomy":"product_cat","embeddable":true,"href":"https:\/\/director.band\/en\/wp-json\/wp\/v2\/product_cat?post=3883"},{"taxonomy":"product_tag","embeddable":true,"href":"https:\/\/director.band\/en\/wp-json\/wp\/v2\/product_tag?post=3883"}],"curies":[{"name":"wp","href":"https:\/\/api.w.org\/{rel}","templated":true}]}}