{"id":3709,"date":"2020-12-18T13:45:08","date_gmt":"2020-12-18T13:45:08","guid":{"rendered":"https:\/\/director.band\/en\/?post_type=product&#038;p=3709"},"modified":"2021-05-14T19:43:25","modified_gmt":"2021-05-14T19:43:25","slug":"szignal","status":"publish","type":"product","link":"https:\/\/director.band\/en\/product\/szignal\/","title":{"rendered":"Szign\u00e1l"},"content":{"rendered":"<h4><strong>Szign\u00e1l<\/strong><\/h4>\n<p><strong>Zene:<\/strong>\u00a0Norbi, Attis<\/p>\n<h5><strong>Szign\u00e1l 2020\u00a0<\/strong>(Intr\u00f3val)<\/h5>\n<p><strong>Git\u00e1r:\u00a0<\/strong>Bog\u00e1r Kriszti\u00e1n<br \/>\n<strong>Basszusgit\u00e1r:<\/strong>\u00a0Bog\u00e1r Kriszti\u00e1n<strong><br \/>\nDob:\u00a0<\/strong>Attis<strong><br \/>\nBillenty\u0171s hangszerek:\u00a0<\/strong>Attis<br \/>\n<strong>Speci\u00e1lis effektek:<\/strong>\u00a0Attis<\/p>\n<p><strong>Producer-hangm\u00e9rn\u00f6k:\u00a0<\/strong>Attis\u00a0<a href=\"https:\/\/tenxrecords.com\/\" target=\"_blank\" rel=\"noopener noreferrer\">TenXRecords<\/a><br \/>\n<strong>Mixing\/Mastering:<\/strong>\u00a0Attis\u00a0<a href=\"https:\/\/tenxrecords.com\/\" target=\"_blank\" rel=\"noopener noreferrer\">TenXRecords<\/a><br \/>\n<strong>Kiad\u00f3:<\/strong>\u00a0<a href=\"https:\/\/www.tenxrecords.com\/\" target=\"_blank\" rel=\"noopener noreferrer\">TenXRecords<\/a>\u00a0London<br \/>\n<strong>Jogkezel\u0151:<\/strong>\u00a0<a href=\"https:\/\/www.prsformusic.com\/\" target=\"_blank\" rel=\"noopener noreferrer\">PRS for Music<\/a>\u00a0London<br \/>\n<strong>Digit\u00e1lis terjeszt\u00e9s:<\/strong>\u00a0<a href=\"http:\/\/www.tunecore.com\/\" target=\"_blank\" rel=\"noopener noreferrer\">TuneCore<\/a>\u00a0New York<\/p>\n<p><strong>Hangszerek, effektek \u00e9s szoftverek:<\/strong>\u00a0Fender Telecaster git\u00e1r \u00e9s Amplitube 3 , Cort GB65 basszusgit\u00e1r, iRig Keys I\/O controller keyboard,\u00a0 Apple Logic Pro X digital audio workstation (<em>DAW<\/em>) , Serum synthesizer, Addictive Drums 2, Logic Pro X pluginek, Waves pluginek, iZotope pluginek, FabFilter pluginek, Valhalla pluginek.<\/p>\n<h5><strong>Az Intr\u00f3 \u00e9rdekess\u00e9gei<\/strong><\/h5>\n<p>Az eredeti\u00a0<strong>Szign\u00e1l<\/strong>\u00a0el\u00e9 k\u00e9sz\u00edtettem egy\u00a0<strong>Intr\u00f3t<\/strong>, amelyben a r\u00f6vid ideig hallhat\u00f3 zajok, effektek nem a v\u00e9letlen m\u0171vei. Pr\u00f3b\u00e1ltam belecsemp\u00e9szni az 1986-88 k\u00f6z\u00f6tti \u00e9n\u00fcnket, amik k\u00f6r\u00fclvettek minket \u00e9s befoly\u00e1solt\u00e1k \u00e9let\u00fcnket (term\u00e9szetesen a teljess\u00e9g ig\u00e9nye n\u00e9lk\u00fcl).<\/p>\n<p><strong>0:00 \u2013 Sz\u00e9lvihar hangja<\/strong>\u00a0\u2013 h\u00e1t el\u00e9g \u201cviharos\u201d volt az \u00e9let\u00fcnk, de utal a Lord koncertekre is, amiken egy\u00fctt voltunk, mert a Lord is sokszor \u00edgy kezdte a bulikat, f\u00fcsttel \u00e9s a vihar hangj\u00e1val.<\/p>\n<p><strong>0:05 \u2013 Vonat \u2013\u00a0<\/strong>amikor csak tehett\u00fck vonatoztunk Gy\u0151rbe, Szombathelyre, Csorn\u00e1ra. Volt, hogy elz\u00f6tyk\u00f6l\u0151dt\u00fcnk Szombathelyre a Cikl\u00e1men Expresszel, berohantunk az \u00e1llom\u00e1sra jegyet venni \u00e9s rohantunk is vissza a P\u00e1p\u00e1ra indul\u00f3 vonatra.<\/p>\n<p><strong>0:11 \u2013 Nena<\/strong>\u00a099 Luftballon c\u00edm\u0171 sz\u00e1m\u00e1b\u00f3l 2 m\u00e1sodperces jellegzetes r\u00e9szlet (Nena legink\u00e1bb az \u00e9n kedvencem volt \u00e9s a mai napig is az)<\/p>\n<p><strong>0:15 \u2013 T\u0171z<\/strong>\u00a0hangja, ami utal az albumunk c\u00edmad\u00f3 dal\u00e1ra a Puszt\u00edt\u00f3 l\u00e1ngokra<\/p>\n<p><strong>0:17 \u2013 Felem\u00e1skorl\u00e1t<\/strong>\u00a0(szertorna) hangja a Torn\u00e1szl\u00e1nyok eml\u00e9k\u00e9re<\/p>\n<p><strong>0:20 \u2013 A V\u00e1ndor<\/strong>\u00a0kezd\u0151 dallamai kedvenc zenekarunkt\u00f3l a Lord-t\u00f3l<\/p>\n<p><strong>0:23 \u2013 \u00dcgyes<\/strong>\u00a0eml\u00e9k\u00e9re, aki a pr\u00f3baterem \u0151rz\u0151-v\u00e9d\u0151 kutyusa volt (vau-vau)<\/p>\n<p><strong>0:26 \u2013 Vad\u00e1szrep\u00fcl\u0151,<\/strong>\u00a0egyr\u00e9szt mert j\u00f3l hangzik az Intr\u00f3ban, m\u00e1sr\u00e9szt mert P\u00e1pa l\u00e9gter\u00e9t sok\u00e1ig uralt\u00e1k (MiG-21)<\/p>\n<p><strong>0:33 \u2013 7-es busz<\/strong>\u00a0(amin t\u00f6rzsutasok voltunk minden nap) berreg\u00e9se, ami ki nem maradhatott a list\u00e1b\u00f3l, m\u00e9g j\u00f3, hogy a f\u00fcst most nem \u00e9rezhet\u0151 (Ikarus)<\/p>\n","protected":false},"excerpt":{"rendered":"<p class=\"p1\"><span class=\"s1\">Form\u00e1tum: WAV (RIFF WAVE)<br \/>\n<\/span><span class=\"s1\">Bit m\u00e9lys\u00e9g: 24 Bit<br \/>\n<\/span><span class=\"s1\">Mintav\u00e9teli r\u00e1ta: 44.1 kHZ<br \/>\n<\/span><span class=\"s1\">F\u00e1jlm\u00e9ret: 41.6 MB<br \/>\n<\/span><span class=\"s1\">Id\u0151tartam: 2:37<\/span><\/p>\n","protected":false},"featured_media":3871,"comment_status":"open","ping_status":"closed","template":"","meta":[],"product_cat":[52],"product_tag":[],"_links":{"self":[{"href":"https:\/\/director.band\/en\/wp-json\/wp\/v2\/product\/3709"}],"collection":[{"href":"https:\/\/director.band\/en\/wp-json\/wp\/v2\/product"}],"about":[{"href":"https:\/\/director.band\/en\/wp-json\/wp\/v2\/types\/product"}],"replies":[{"embeddable":true,"href":"https:\/\/director.band\/en\/wp-json\/wp\/v2\/comments?post=3709"}],"wp:featuredmedia":[{"embeddable":true,"href":"https:\/\/director.band\/en\/wp-json\/wp\/v2\/media\/3871"}],"wp:attachment":[{"href":"https:\/\/director.band\/en\/wp-json\/wp\/v2\/media?parent=3709"}],"wp:term":[{"taxonomy":"product_cat","embeddable":true,"href":"https:\/\/director.band\/en\/wp-json\/wp\/v2\/product_cat?post=3709"},{"taxonomy":"product_tag","embeddable":true,"href":"https:\/\/director.band\/en\/wp-json\/wp\/v2\/product_tag?post=3709"}],"curies":[{"name":"wp","href":"https:\/\/api.w.org\/{rel}","templated":true}]}}